{"id":9,"date":"2025-01-31T14:52:15","date_gmt":"2025-01-31T14:52:15","guid":{"rendered":"http:\/\/27dias.local\/?page_id=9"},"modified":"2026-03-26T01:02:04","modified_gmt":"2026-03-26T01:02:04","slug":"menorca-moto-rent-ciutadella","status":"publish","type":"page","link":"https:\/\/www.menorcamotorent.com\/en\/menorca-moto-rent-ciutadella\/","title":{"rendered":"About us"},"content":{"rendered":"<div data-elementor-type=\"wp-page\" data-elementor-id=\"9\" class=\"elementor elementor-9\">\n\t\t\t\t\t\t<section class=\"elementor-section elementor-top-section elementor-element elementor-element-4fxw7o1 elementor-section-full_width elementor-section-height-default elementor-section-height-default\" data-id=\"4fxw7o1\" data-element_type=\"section\" data-e-type=\"section\" data-settings=\"{&quot;background_background&quot;:&quot;classic&quot;}\">\n\t\t\t\t\t\t\t<div class=\"elementor-background-overlay\"><\/div>\n\t\t\t\t\t\t\t<div class=\"elementor-container elementor-column-gap-no\">\n\t\t\t\t\t<div class=\"elementor-column elementor-col-50 elementor-top-column elementor-element elementor-element-7c4d4fc\" data-id=\"7c4d4fc\" data-element_type=\"column\" data-e-type=\"column\" data-settings=\"{&quot;background_background&quot;:&quot;classic&quot;}\">\n\t\t\t<div class=\"elementor-widget-wrap elementor-element-populated\">\n\t\t\t\t\t<div class=\"elementor-background-overlay\"><\/div>\n\t\t\t\t\t\t<div class=\"elementor-element elementor-element-f71383f elementor-widget-mobile__width-inherit elementor-widget elementor-widget-image\" data-id=\"f71383f\" data-element_type=\"widget\" data-e-type=\"widget\" data-widget_type=\"image.default\">\n\t\t\t\t<div class=\"elementor-widget-container\">\n\t\t\t\t\t\t\t\t\t\t\t\t\t\t\t<img fetchpriority=\"high\" decoding=\"async\" width=\"1300\" height=\"503\" src=\"https:\/\/www.menorcamotorent.com\/wp-content\/uploads\/2025\/02\/Imagen-3-2-25-a-las-21.00-1.jpg\" class=\"attachment-full size-full wp-image-1501\" alt=\"\" srcset=\"https:\/\/www.menorcamotorent.com\/wp-content\/uploads\/2025\/02\/Imagen-3-2-25-a-las-21.00-1.jpg 1300w, https:\/\/www.menorcamotorent.com\/wp-content\/uploads\/2025\/02\/Imagen-3-2-25-a-las-21.00-1-300x116.jpg 300w, https:\/\/www.menorcamotorent.com\/wp-content\/uploads\/2025\/02\/Imagen-3-2-25-a-las-21.00-1-1024x396.jpg 1024w, https:\/\/www.menorcamotorent.com\/wp-content\/uploads\/2025\/02\/Imagen-3-2-25-a-las-21.00-1-768x297.jpg 768w\" sizes=\"(max-width: 1300px) 100vw, 1300px\" \/>\t\t\t\t\t\t\t\t\t\t\t\t\t\t\t<\/div>\n\t\t\t\t<\/div>\n\t\t\t\t\t<\/div>\n\t\t<\/div>\n\t\t\t\t<div class=\"elementor-column elementor-col-50 elementor-top-column elementor-element elementor-element-6f6465c\" data-id=\"6f6465c\" data-element_type=\"column\" data-e-type=\"column\" data-settings=\"{&quot;background_background&quot;:&quot;classic&quot;}\">\n\t\t\t<div class=\"elementor-widget-wrap elementor-element-populated\">\n\t\t\t\t\t\t<div class=\"elementor-element elementor-element-51f0d62 elementor-widget elementor-widget-heading\" data-id=\"51f0d62\" data-element_type=\"widget\" data-e-type=\"widget\" data-widget_type=\"heading.default\">\n\t\t\t\t<div class=\"elementor-widget-container\">\n\t\t\t\t\t<h1 class=\"elementor-heading-title elementor-size-default\">TOP SCOOTER - MENORCA MOTOR RENT<\/h1>\t\t\t\t<\/div>\n\t\t\t\t<\/div>\n\t\t\t\t<div class=\"elementor-element elementor-element-726a5c3 elementor-widget elementor-widget-heading\" data-id=\"726a5c3\" data-element_type=\"widget\" data-e-type=\"widget\" data-widget_type=\"heading.default\">\n\t\t\t\t<div class=\"elementor-widget-container\">\n\t\t\t\t\t<h2 class=\"elementor-heading-title elementor-size-default\">About Us<\/h2>\t\t\t\t<\/div>\n\t\t\t\t<\/div>\n\t\t\t\t<div class=\"elementor-element elementor-element-9506a11 elementor-widget__width-inherit elementor-widget elementor-widget-text-editor\" data-id=\"9506a11\" data-element_type=\"widget\" data-e-type=\"widget\" data-widget_type=\"text-editor.default\">\n\t\t\t\t<div class=\"elementor-widget-container\">\n\t\t\t\t\t\t\t\t\t<p>On Top Scooter Menorca, we are a local company to rent a bike<strong>s<\/strong>\u00a0headquartered in Ciutadella de Menorca. With more than 15 years of experience, we have established ourselves as a reference in the sector thanks to our commitment to quality, safety and satisfaction of our customers.<\/p><p>We are passionate about offering you the best way to discover Menorca: on two wheels. Our bikes give you the freedom to explore every corner of the island, from its hidden coves to their most iconic landscapes, without having to worry about traffic or parking.<\/p><p>On Top Scooter Menorca, you&#039;ll find a service near you, professional and personable. Our team is always ready to advise you for you to enjoy an unforgettable experience with bikes in perfect condition and at the best price.<\/p><p>Discover Menorca at your pace, with the trust of a local company that knows the island like no one else.<\/p>\t\t\t\t\t\t\t\t<\/div>\n\t\t\t\t<\/div>\n\t\t\t\t\t<\/div>\n\t\t<\/div>\n\t\t\t\t\t<\/div>\n\t\t<\/section>\n\t\t\t\t<\/div>","protected":false},"excerpt":{"rendered":"<p>TOP SCOOTER &#8211; MENORCA MOTOR RENT Sobre Nosotros En\u00a0Top Scooter Menorca, somos una empresa local de\u00a0alquiler de motos\u00a0con sede en\u00a0Ciutadella de Menorca. Con m\u00e1s de\u00a015 a\u00f1os de experiencia, nos hemos consolidado como una referencia en el sector gracias a nuestro compromiso con la calidad, la seguridad y la satisfacci\u00f3n de nuestros clientes. Nos apasiona ofrecerte [&hellip;]<\/p>\n","protected":false},"author":1,"featured_media":0,"parent":0,"menu_order":0,"comment_status":"closed","ping_status":"closed","template":"","meta":{"site-sidebar-layout":"no-sidebar","site-content-layout":"page-builder","ast-site-content-layout":"full-width-container","site-content-style":"unboxed","site-sidebar-style":"unboxed","ast-global-header-display":"","ast-banner-title-visibility":"","ast-main-header-display":"","ast-hfb-above-header-display":"","ast-hfb-below-header-display":"","ast-hfb-mobile-header-display":"","site-post-title":"disabled","ast-breadcrumbs-content":"disabled","ast-featured-img":"disabled","footer-sml-layout":"","ast-disable-related-posts":"","theme-transparent-header-meta":"enabled","adv-header-id-meta":"","stick-header-meta":"","header-above-stick-meta":"","header-main-stick-meta":"","header-below-stick-meta":"","astra-migrate-meta-layouts":"set","ast-page-background-enabled":"default","ast-page-background-meta":{"desktop":{"background-color":"","background-image":"","background-repeat":"repeat","background-position":"center center","background-size":"auto","background-attachment":"scroll","background-type":"","background-media":"","overlay-type":"","overlay-color":"","overlay-opacity":"","overlay-gradient":""},"tablet":{"background-color":"","background-image":"","background-repeat":"repeat","background-position":"center center","background-size":"auto","background-attachment":"scroll","background-type":"","background-media":"","overlay-type":"","overlay-color":"","overlay-opacity":"","overlay-gradient":""},"mobile":{"background-color":"","background-image":"","background-repeat":"repeat","background-position":"center center","background-size":"auto","background-attachment":"scroll","background-type":"","background-media":"","overlay-type":"","overlay-color":"","overlay-opacity":"","overlay-gradient":""}},"ast-content-background-meta":{"desktop":{"background-color":"var(--ast-global-color-5)","background-image":"","background-repeat":"repeat","background-position":"center center","background-size":"auto","background-attachment":"scroll","background-type":"","background-media":"","overlay-type":"","overlay-color":"","overlay-opacity":"","overlay-gradient":""},"tablet":{"background-color":"var(--ast-global-color-5)","background-image":"","background-repeat":"repeat","background-position":"center center","background-size":"auto","background-attachment":"scroll","background-type":"","background-media":"","overlay-type":"","overlay-color":"","overlay-opacity":"","overlay-gradient":""},"mobile":{"background-color":"var(--ast-global-color-5)","background-image":"","background-repeat":"repeat","background-position":"center center","background-size":"auto","background-attachment":"scroll","background-type":"","background-media":"","overlay-type":"","overlay-color":"","overlay-opacity":"","overlay-gradient":""}},"footnotes":""},"class_list":["post-9","page","type-page","status-publish","hentry"],"yoast_head":"<!-- This site is optimized with the Yoast SEO plugin v27.4 - https:\/\/yoast.com\/product\/yoast-seo-wordpress\/ -->\n<title>Sobre Moto rent - top Scooter alquiler de motos en Ciutadella<\/title>\n<meta name=\"description\" content=\"En Top Scooter Menorca, somos una empresa local de alquiler de motos con sede en Ciutadella de Menorca. Con m\u00e1s de 15 a\u00f1os de experiencia.\" \/>\n<meta name=\"robots\" content=\"index, follow, max-snippet:-1, max-image-preview:large, max-video-preview:-1\" \/>\n<link rel=\"canonical\" href=\"https:\/\/www.menorcamotorent.com\/en\/menorca-moto-rent-ciutadella\/\" \/>\n<meta property=\"og:locale\" content=\"en_GB\" \/>\n<meta property=\"og:type\" content=\"article\" \/>\n<meta property=\"og:title\" content=\"Sobre Moto rent - top Scooter alquiler de motos en Ciutadella\" \/>\n<meta property=\"og:description\" content=\"En Top Scooter Menorca, somos una empresa local de alquiler de motos con sede en Ciutadella de Menorca. Con m\u00e1s de 15 a\u00f1os de experiencia.\" \/>\n<meta property=\"og:url\" content=\"https:\/\/www.menorcamotorent.com\/en\/menorca-moto-rent-ciutadella\/\" \/>\n<meta property=\"og:site_name\" content=\"Alquiler de motos en Menorca moto rent - Top Scooter\" \/>\n<meta property=\"article:modified_time\" content=\"2026-03-26T01:02:04+00:00\" \/>\n<meta property=\"og:image\" content=\"https:\/\/www.menorcamotorent.com\/wp-content\/uploads\/2025\/02\/Imagen-3-2-25-a-las-21.00-1.jpg\" \/>\n\t<meta property=\"og:image:width\" content=\"1300\" \/>\n\t<meta property=\"og:image:height\" content=\"503\" \/>\n\t<meta property=\"og:image:type\" content=\"image\/jpeg\" \/>\n<meta name=\"twitter:card\" content=\"summary_large_image\" \/>\n<meta name=\"twitter:label1\" content=\"Estimated reading time\" \/>\n\t<meta name=\"twitter:data1\" content=\"1 minute\" \/>\n<script type=\"application\/ld+json\" class=\"yoast-schema-graph\">{\"@context\":\"https:\\\/\\\/schema.org\",\"@graph\":[{\"@type\":\"WebPage\",\"@id\":\"https:\\\/\\\/www.menorcamotorent.com\\\/menorca-moto-rent-ciutadella\\\/\",\"url\":\"https:\\\/\\\/www.menorcamotorent.com\\\/menorca-moto-rent-ciutadella\\\/\",\"name\":\"Sobre Moto rent - top Scooter alquiler de motos en Ciutadella\",\"isPartOf\":{\"@id\":\"https:\\\/\\\/www.menorcamotorent.com\\\/#website\"},\"primaryImageOfPage\":{\"@id\":\"https:\\\/\\\/www.menorcamotorent.com\\\/menorca-moto-rent-ciutadella\\\/#primaryimage\"},\"image\":{\"@id\":\"https:\\\/\\\/www.menorcamotorent.com\\\/menorca-moto-rent-ciutadella\\\/#primaryimage\"},\"thumbnailUrl\":\"https:\\\/\\\/www.menorcamotorent.com\\\/wp-content\\\/uploads\\\/2025\\\/02\\\/Imagen-3-2-25-a-las-21.00-1.jpg\",\"datePublished\":\"2025-01-31T14:52:15+00:00\",\"dateModified\":\"2026-03-26T01:02:04+00:00\",\"description\":\"En Top Scooter Menorca, somos una empresa local de alquiler de motos con sede en Ciutadella de Menorca. Con m\u00e1s de 15 a\u00f1os de experiencia.\",\"breadcrumb\":{\"@id\":\"https:\\\/\\\/www.menorcamotorent.com\\\/menorca-moto-rent-ciutadella\\\/#breadcrumb\"},\"inLanguage\":\"en-GB\",\"potentialAction\":[{\"@type\":\"ReadAction\",\"target\":[\"https:\\\/\\\/www.menorcamotorent.com\\\/menorca-moto-rent-ciutadella\\\/\"]}]},{\"@type\":\"ImageObject\",\"inLanguage\":\"en-GB\",\"@id\":\"https:\\\/\\\/www.menorcamotorent.com\\\/menorca-moto-rent-ciutadella\\\/#primaryimage\",\"url\":\"https:\\\/\\\/www.menorcamotorent.com\\\/wp-content\\\/uploads\\\/2025\\\/02\\\/Imagen-3-2-25-a-las-21.00-1.jpg\",\"contentUrl\":\"https:\\\/\\\/www.menorcamotorent.com\\\/wp-content\\\/uploads\\\/2025\\\/02\\\/Imagen-3-2-25-a-las-21.00-1.jpg\"},{\"@type\":\"BreadcrumbList\",\"@id\":\"https:\\\/\\\/www.menorcamotorent.com\\\/menorca-moto-rent-ciutadella\\\/#breadcrumb\",\"itemListElement\":[{\"@type\":\"ListItem\",\"position\":1,\"name\":\"Portada\",\"item\":\"https:\\\/\\\/www.menorcamotorent.com\\\/\"},{\"@type\":\"ListItem\",\"position\":2,\"name\":\"Sobre nosotros\"}]},{\"@type\":\"WebSite\",\"@id\":\"https:\\\/\\\/www.menorcamotorent.com\\\/#website\",\"url\":\"https:\\\/\\\/www.menorcamotorent.com\\\/\",\"name\":\"Alquiler de motos en Menorca moto rent - Top Scooter\",\"description\":\"Alquil una moto en Menorca con nosotores Motos nuevas, nuevas experiencias. El peque\u00f1o tama\u00f1o de Menorca hace que el alquiler de scooters sea la forma m\u00e1s c\u00f3moda y divertida de descubrirla.\",\"publisher\":{\"@id\":\"https:\\\/\\\/www.menorcamotorent.com\\\/#organization\"},\"potentialAction\":[{\"@type\":\"SearchAction\",\"target\":{\"@type\":\"EntryPoint\",\"urlTemplate\":\"https:\\\/\\\/www.menorcamotorent.com\\\/?s={search_term_string}\"},\"query-input\":{\"@type\":\"PropertyValueSpecification\",\"valueRequired\":true,\"valueName\":\"search_term_string\"}}],\"inLanguage\":\"en-GB\"},{\"@type\":\"Organization\",\"@id\":\"https:\\\/\\\/www.menorcamotorent.com\\\/#organization\",\"name\":\"Alquiler de motos en Menorca moto rent - Top Scooter\",\"url\":\"https:\\\/\\\/www.menorcamotorent.com\\\/\",\"logo\":{\"@type\":\"ImageObject\",\"inLanguage\":\"en-GB\",\"@id\":\"https:\\\/\\\/www.menorcamotorent.com\\\/#\\\/schema\\\/logo\\\/image\\\/\",\"url\":\"https:\\\/\\\/www.menorcamotorent.com\\\/wp-content\\\/uploads\\\/2026\\\/03\\\/cropped-logoweb_png_topscooter.png\",\"contentUrl\":\"https:\\\/\\\/www.menorcamotorent.com\\\/wp-content\\\/uploads\\\/2026\\\/03\\\/cropped-logoweb_png_topscooter.png\",\"width\":567,\"height\":189,\"caption\":\"Alquiler de motos en Menorca moto rent - Top Scooter\"},\"image\":{\"@id\":\"https:\\\/\\\/www.menorcamotorent.com\\\/#\\\/schema\\\/logo\\\/image\\\/\"},\"sameAs\":[\"https:\\\/\\\/www.instagram.com\\\/top_scooter_menorca\\\/\"]}]}<\/script>\n<!-- \/ Yoast SEO plugin. -->","yoast_head_json":{"title":"Sobre Moto rent - top Scooter alquiler de motos en Ciutadella","description":"En Top Scooter Menorca, somos una empresa local de alquiler de motos con sede en Ciutadella de Menorca. Con m\u00e1s de 15 a\u00f1os de experiencia.","robots":{"index":"index","follow":"follow","max-snippet":"max-snippet:-1","max-image-preview":"max-image-preview:large","max-video-preview":"max-video-preview:-1"},"canonical":"https:\/\/www.menorcamotorent.com\/en\/menorca-moto-rent-ciutadella\/","og_locale":"en_GB","og_type":"article","og_title":"Sobre Moto rent - top Scooter alquiler de motos en Ciutadella","og_description":"En Top Scooter Menorca, somos una empresa local de alquiler de motos con sede en Ciutadella de Menorca. Con m\u00e1s de 15 a\u00f1os de experiencia.","og_url":"https:\/\/www.menorcamotorent.com\/en\/menorca-moto-rent-ciutadella\/","og_site_name":"Alquiler de motos en Menorca moto rent - Top Scooter","article_modified_time":"2026-03-26T01:02:04+00:00","og_image":[{"width":1300,"height":503,"url":"https:\/\/www.menorcamotorent.com\/wp-content\/uploads\/2025\/02\/Imagen-3-2-25-a-las-21.00-1.jpg","type":"image\/jpeg"}],"twitter_card":"summary_large_image","twitter_misc":{"Estimated reading time":"1 minute"},"schema":{"@context":"https:\/\/schema.org","@graph":[{"@type":"WebPage","@id":"https:\/\/www.menorcamotorent.com\/menorca-moto-rent-ciutadella\/","url":"https:\/\/www.menorcamotorent.com\/menorca-moto-rent-ciutadella\/","name":"Sobre Moto rent - top Scooter alquiler de motos en Ciutadella","isPartOf":{"@id":"https:\/\/www.menorcamotorent.com\/#website"},"primaryImageOfPage":{"@id":"https:\/\/www.menorcamotorent.com\/menorca-moto-rent-ciutadella\/#primaryimage"},"image":{"@id":"https:\/\/www.menorcamotorent.com\/menorca-moto-rent-ciutadella\/#primaryimage"},"thumbnailUrl":"https:\/\/www.menorcamotorent.com\/wp-content\/uploads\/2025\/02\/Imagen-3-2-25-a-las-21.00-1.jpg","datePublished":"2025-01-31T14:52:15+00:00","dateModified":"2026-03-26T01:02:04+00:00","description":"En Top Scooter Menorca, somos una empresa local de alquiler de motos con sede en Ciutadella de Menorca. Con m\u00e1s de 15 a\u00f1os de experiencia.","breadcrumb":{"@id":"https:\/\/www.menorcamotorent.com\/menorca-moto-rent-ciutadella\/#breadcrumb"},"inLanguage":"en-GB","potentialAction":[{"@type":"ReadAction","target":["https:\/\/www.menorcamotorent.com\/menorca-moto-rent-ciutadella\/"]}]},{"@type":"ImageObject","inLanguage":"en-GB","@id":"https:\/\/www.menorcamotorent.com\/menorca-moto-rent-ciutadella\/#primaryimage","url":"https:\/\/www.menorcamotorent.com\/wp-content\/uploads\/2025\/02\/Imagen-3-2-25-a-las-21.00-1.jpg","contentUrl":"https:\/\/www.menorcamotorent.com\/wp-content\/uploads\/2025\/02\/Imagen-3-2-25-a-las-21.00-1.jpg"},{"@type":"BreadcrumbList","@id":"https:\/\/www.menorcamotorent.com\/menorca-moto-rent-ciutadella\/#breadcrumb","itemListElement":[{"@type":"ListItem","position":1,"name":"Portada","item":"https:\/\/www.menorcamotorent.com\/"},{"@type":"ListItem","position":2,"name":"Sobre nosotros"}]},{"@type":"WebSite","@id":"https:\/\/www.menorcamotorent.com\/#website","url":"https:\/\/www.menorcamotorent.com\/","name":"Motorcycle rental in Menorca moto rent - Top Scooter","description":"Alquil una moto en Menorca con nosotores Motos nuevas, nuevas experiencias. El peque\u00f1o tama\u00f1o de Menorca hace que el alquiler de scooters sea la forma m\u00e1s c\u00f3moda y divertida de descubrirla.","publisher":{"@id":"https:\/\/www.menorcamotorent.com\/#organization"},"potentialAction":[{"@type":"SearchAction","target":{"@type":"EntryPoint","urlTemplate":"https:\/\/www.menorcamotorent.com\/?s={search_term_string}"},"query-input":{"@type":"PropertyValueSpecification","valueRequired":true,"valueName":"search_term_string"}}],"inLanguage":"en-GB"},{"@type":"Organization","@id":"https:\/\/www.menorcamotorent.com\/#organization","name":"Motorcycle rental in Menorca moto rent - Top Scooter","url":"https:\/\/www.menorcamotorent.com\/","logo":{"@type":"ImageObject","inLanguage":"en-GB","@id":"https:\/\/www.menorcamotorent.com\/#\/schema\/logo\/image\/","url":"https:\/\/www.menorcamotorent.com\/wp-content\/uploads\/2026\/03\/cropped-logoweb_png_topscooter.png","contentUrl":"https:\/\/www.menorcamotorent.com\/wp-content\/uploads\/2026\/03\/cropped-logoweb_png_topscooter.png","width":567,"height":189,"caption":"Alquiler de motos en Menorca moto rent - Top Scooter"},"image":{"@id":"https:\/\/www.menorcamotorent.com\/#\/schema\/logo\/image\/"},"sameAs":["https:\/\/www.instagram.com\/top_scooter_menorca\/"]}]}},"_links":{"self":[{"href":"https:\/\/www.menorcamotorent.com\/en\/wp-json\/wp\/v2\/pages\/9","targetHints":{"allow":["GET"]}}],"collection":[{"href":"https:\/\/www.menorcamotorent.com\/en\/wp-json\/wp\/v2\/pages"}],"about":[{"href":"https:\/\/www.menorcamotorent.com\/en\/wp-json\/wp\/v2\/types\/page"}],"author":[{"embeddable":true,"href":"https:\/\/www.menorcamotorent.com\/en\/wp-json\/wp\/v2\/users\/1"}],"replies":[{"embeddable":true,"href":"https:\/\/www.menorcamotorent.com\/en\/wp-json\/wp\/v2\/comments?post=9"}],"version-history":[{"count":91,"href":"https:\/\/www.menorcamotorent.com\/en\/wp-json\/wp\/v2\/pages\/9\/revisions"}],"predecessor-version":[{"id":2069,"href":"https:\/\/www.menorcamotorent.com\/en\/wp-json\/wp\/v2\/pages\/9\/revisions\/2069"}],"wp:attachment":[{"href":"https:\/\/www.menorcamotorent.com\/en\/wp-json\/wp\/v2\/media?parent=9"}],"curies":[{"name":"wp","href":"https:\/\/api.w.org\/{rel}","templated":true}]}}