{"id":1923,"date":"2025-08-22T09:45:37","date_gmt":"2025-08-22T09:45:37","guid":{"rendered":"https:\/\/www.menorcamotorent.com\/?page_id=1923"},"modified":"2025-08-22T09:46:20","modified_gmt":"2025-08-22T09:46:20","slug":"accesibilidad","status":"publish","type":"page","link":"https:\/\/www.menorcamotorent.com\/en\/accesibilidad\/","title":{"rendered":"Accessibility"},"content":{"rendered":"\n<p>La entidad Top Scooter SLU \u00a0se ha comprometido a hacer accesible su sitio web de conformidad con el\u00a0<a href=\"http:\/\/www.boe.es\/diario_boe\/txt.php?id=BOE-A-2018-12699\" target=\"_blank\" rel=\"noreferrer noopener\">Real Decreto 1112\/2018, de 7 de septiembre, sobre accesibilidad de los sitios web y aplicaciones para dispositivos m\u00f3viles del sector p\u00fablico.<\/a><\/p>\n\n\n\n<p>La presente declaraci\u00f3n de accesibilidad se aplica al sitio web\u00a0<a href=\"http:\/\/menorcamotorent.com\">menorcamotorent.com<\/a><\/p>\n\n\n\n<h2 class=\"wp-block-heading\">Situaci\u00f3n de cumplimiento<\/h2>\n\n\n\n<p>Este sitio web es&nbsp;<strong>parcialmente conforme&nbsp;<\/strong>con el RD 1112\/2018 debido a las excepciones y a la falta de conformidad de los aspectos que se indican a continuaci\u00f3n.<\/p>\n\n\n\n<h2 class=\"wp-block-heading\">Contenido no accesible<\/h2>\n\n\n\n<p>El contenido que se recoge a continuaci\u00f3n no es accesible por lo siguiente:<\/p>\n\n\n\n<ol class=\"wp-block-list\">\n<li>Falta de conformidad con el RD 1112\/2018\n<ul class=\"wp-block-list\">\n<li>Existen logotipos e im\u00e1genes con texto alternativo incorrecto o confuso e im\u00e1genes complejas sin descripci\u00f3n textual\u00a0[requisito n\u00famero 9.1.1.1 Contenido no textual, de UNE-EN 301549:2022].<\/li>\n\n\n\n<li>Existen listas creadas de forma incorrecta (sin etiqueta de lista), tablas con celdas etiquetadas incorrectamene y etiquetas invisibles en elementos de formularios\u00a0[requisito n\u00famero 9.1.3.1 Informaci\u00f3n y relaciones, de UNE-EN 301549:2022].<\/li>\n\n\n\n<li>Existen tablas no adaptadas a tama\u00f1os de pantalla peque\u00f1os y campos de formulario que no se visualizan correctamente en tama\u00f1os de pantalla peque\u00f1os\u00a0[requisito n\u00famero 9.1.4.10 Reajuste de texto, de UNE-EN 301549:2022].<\/li>\n\n\n\n<li>Existe texto que al cambiar los espacios y alturas de l\u00ednea no se visualiza correctamente\u00a0[requisito n\u00famero 9.1.4.12 Espaciado de texto, de UNE-EN 301549:2022].<\/li>\n\n\n\n<li>Existen elementos que no son accesibles por teclado, como por ejemplo enlaces a redes sociales, el editor de textos para comentarios, elementos para ordenar resultados de b\u00fasqueda, la paginaci\u00f3n de los resultados de b\u00fasqueda o las flechas de calendario\u00a0[requisito n\u00famero 9.2.1.1 Teclado, de UNE-EN 301549:2022].<\/li>\n\n\n\n<li>Hay elementos que no reciben el foco y por tanto no se puede interactuar con ellos mediante el teclado, por ejemplo\u00a0[requisito n\u00famero 9.2.4.3 Orden del foco, de UNE-EN 301549:2022].<\/li>\n\n\n\n<li>Hay enlaces en los que no se identifica correctamente su funci\u00f3n (tienen una descripci\u00f3n inadecuada, un texto demasiado gen\u00e9rico, un title inadecuado\u2026).<br>[requisito n\u00famero 9.2.4.4 Prop\u00f3sito de los enlaces, de UNE-EN 301549:2022].<\/li>\n\n\n\n<li>Hay encabezados con texto repetido y\/o poco descriptivo\u00a0[requisito n\u00famero 9.2.4.6 Encabezados y etiquetas, de UNE-EN 301549:2022].<\/li>\n\n\n\n<li>Existen im\u00e1genes, infograf\u00edas, textos de enlaces o botones, texto de titulares y contenido que no est\u00e1n traducidos a otros idiomas\u00a0[requisito n\u00famero 9.3.1.2 Idioma de las partes, de UNE-EN 301549:2022].<\/li>\n\n\n\n<li>En alguna p\u00e1gina se est\u00e1 usando el mismo icono para diferentes prop\u00f3sitos, lo cual genera confunsi\u00f3n\u00a0[requisito n\u00famero 9.3.2.4 Identificaci\u00f3n coherente, de UNE-EN 301549:2022].<\/li>\n\n\n\n<li>Existen mensajes de error poco descriptivos, o mensajes de error que no est\u00e1n agrupados en un \u00fanico mensaje as\u00ed como falta de sugerencias en formulario para rellenar los campos correctamente\u00a0[requisito n\u00famero 9.3.3.1 Identificaci\u00f3n de errores, de UNE-EN 301549:2022].<\/li>\n\n\n\n<li>Existen formularios con campos obligatorios donde no se informa al usuario de ello, as\u00ed como campos donde falta un ejemplo textual del formato del campo.<br>(como por ejemplo el DNI)\u00a0[requisito n\u00famero 9.3.3.2 Etiquetas e instrucciones, de UNE-EN 301549:2022].<\/li>\n\n\n\n<li>Existen campos de formularios donde se informa del error cuando se introduce un valor incorrecto pero no se informa de una sugerencia para su correcci\u00f3n.<br>[requisito n\u00famero 9.3.3.3 Sugerencias ante errores, de UNE-EN 301549:2022].<\/li>\n\n\n\n<li>Existen p\u00e1ginas con errores de sintaxis y por tanto alg\u00fan producto de apoyo puede no interpretar correctamente el contenido (IDs de p\u00e1gina duplicados, etiquetas sin cerrar, construcci\u00f2n incorecta de etiquetas\u2026).\u00a0[requisito n\u00famero 9.4.1.1 Procesamiento, de UNE-EN 301549:2022].<\/li>\n\n\n\n<li>Existen p\u00e1ginas en las que los productos de apoyo no van a poder obtener informaci\u00f3n, interactuar y estar al corriente del estado de los controles de interfaz de usuario, como por ejemplo, mensajes de ayuda, mensajes de estado de resultado de acciones, atributos de enlaces, imagen de idioma de p\u00e1gina\u2026 que no podr\u00e1n ser le\u00eddo por lectores de pantalla en el momento en el que aparecen\u00a0[requisito n\u00famero 9.4.1.2 Nombre, funci\u00f3n, valor de UNE-EN 301549:2022].<\/li>\n\n\n\n<li>Podr\u00edan existir fallos puntuales de edici\u00f3n en alguna p\u00e1gina web.<\/li>\n<\/ul>\n<\/li>\n\n\n\n<li>Carga desproporcionada\n<ul class=\"wp-block-list\">\n<li>No aplica.<\/li>\n<\/ul>\n<\/li>\n\n\n\n<li>El contenido no entra dentro del \u00e1mbito de la legislaci\u00f3n aplicable\n<ul class=\"wp-block-list\">\n<li>Podr\u00edan existir archivos ofim\u00e1ticos en PDF u otros formatos publicados antes del 20 de septiembre de 2018 que no cumplan en su totalidad todos los requisitos de accesibilidad. Aunque se ha procurado que la mayor\u00eda de ellos s\u00ed lo cumplan.<\/li>\n<\/ul>\n<\/li>\n<\/ol>\n\n\n\n<h2 class=\"wp-block-heading\">Preparaci\u00f3n de la presente declaraci\u00f3n de accesibilidad<\/h2>\n\n\n\n<p>La presente declaraci\u00f3n fue preparada el 10\/08\/2025.<\/p>\n\n\n\n<p>El m\u00e9todo empleado para preparar la declaraci\u00f3n ha sido una autoevaluaci\u00f3n llevada a cabo por la propia entidad.<\/p>\n\n\n\n<p>\u00daltima revisi\u00f3n de la declaraci\u00f3n: 10\/08\/2025.<\/p>\n\n\n\n<h2 class=\"wp-block-heading\">Observaciones y datos de contacto<\/h2>\n\n\n\n<p>Puede realizar&nbsp;comunicaciones&nbsp;sobre requisitos de accesibilidad (art\u00edculo 10.2.a) del RD 1112\/2018) como por ejemplo:<\/p>\n\n\n\n<ul class=\"wp-block-list\">\n<li>informar sobre cualquier posible\u00a0incumplimiento\u00a0por parte de este sitio web<\/li>\n\n\n\n<li>transmitir otras\u00a0dificultades de acceso\u00a0al contenido<\/li>\n\n\n\n<li>formular cualquier otra\u00a0consulta o sugerencia de mejora\u00a0relativa a la accesibilidad del sitio web<\/li>\n<\/ul>\n\n\n\n<p>A trav\u00e9s del siguiente\u00a0<a href=\"https:\/\/www.menorcamotorent.com\/contact\/\">formulario de contacto.<\/a><\/p>\n\n\n\n<p>Puede presentar:<\/p>\n\n\n\n<ul class=\"wp-block-list\">\n<li>una\u00a0Queja\u00a0relativa al cumplimiento de los requisitos del RD 1112\/2018 o<\/li>\n\n\n\n<li>una\u00a0Solicitud de Informaci\u00f3n accesible\u00a0relativa a:\n<ul class=\"wp-block-list\">\n<li>contenidos\u00a0que est\u00e1n\u00a0excluidos\u00a0del\u00a0\u00e1mbito de aplicaci\u00f3n\u00a0del RD 1112\/2018 seg\u00fan lo establecido por el art\u00edculo 3, apartado 4<\/li>\n\n\n\n<li>contenidos\u00a0que est\u00e1n\u00a0exentos\u00a0del\u00a0cumplimiento\u00a0de los requisitos de accesibilidad por imponer una\u00a0carga desproporcionada.<\/li>\n<\/ul>\n<\/li>\n<\/ul>\n\n\n\n<p>En la Solicitud de informaci\u00f3n accesible, se debe concretar, con toda claridad, los hechos, razones y petici\u00f3n que permitan constatar que se trata de una solicitud razonable y leg\u00edtima.<\/p>\n","protected":false},"excerpt":{"rendered":"<p>La entidad Top Scooter SLU \u00a0se ha comprometido a hacer accesible su sitio web de conformidad con el\u00a0Real Decreto 1112\/2018, de 7 de septiembre, sobre accesibilidad de los sitios web y aplicaciones para dispositivos m\u00f3viles del sector p\u00fablico. La presente declaraci\u00f3n de accesibilidad se aplica al sitio web\u00a0menorcamotorent.com Situaci\u00f3n de cumplimiento Este sitio web es&nbsp;parcialmente [&hellip;]<\/p>\n","protected":false},"author":2,"featured_media":0,"parent":0,"menu_order":0,"comment_status":"closed","ping_status":"closed","template":"","meta":{"site-sidebar-layout":"default","site-content-layout":"","ast-site-content-layout":"default","site-content-style":"default","site-sidebar-style":"default","ast-global-header-display":"","ast-banner-title-visibility":"","ast-main-header-display":"","ast-hfb-above-header-display":"","ast-hfb-below-header-display":"","ast-hfb-mobile-header-display":"","site-post-title":"","ast-breadcrumbs-content":"","ast-featured-img":"","footer-sml-layout":"","ast-disable-related-posts":"","theme-transparent-header-meta":"","adv-header-id-meta":"","stick-header-meta":"","header-above-stick-meta":"","header-main-stick-meta":"","header-below-stick-meta":"","astra-migrate-meta-layouts":"set","ast-page-background-enabled":"default","ast-page-background-meta":{"desktop":{"background-color":"","background-image":"","background-repeat":"repeat","background-position":"center center","background-size":"auto","background-attachment":"scroll","background-type":"","background-media":"","overlay-type":"","overlay-color":"","overlay-opacity":"","overlay-gradient":""},"tablet":{"background-color":"","background-image":"","background-repeat":"repeat","background-position":"center center","background-size":"auto","background-attachment":"scroll","background-type":"","background-media":"","overlay-type":"","overlay-color":"","overlay-opacity":"","overlay-gradient":""},"mobile":{"background-color":"","background-image":"","background-repeat":"repeat","background-position":"center center","background-size":"auto","background-attachment":"scroll","background-type":"","background-media":"","overlay-type":"","overlay-color":"","overlay-opacity":"","overlay-gradient":""}},"ast-content-background-meta":{"desktop":{"background-color":"var(--ast-global-color-5)","background-image":"","background-repeat":"repeat","background-position":"center center","background-size":"auto","background-attachment":"scroll","background-type":"","background-media":"","overlay-type":"","overlay-color":"","overlay-opacity":"","overlay-gradient":""},"tablet":{"background-color":"var(--ast-global-color-5)","background-image":"","background-repeat":"repeat","background-position":"center center","background-size":"auto","background-attachment":"scroll","background-type":"","background-media":"","overlay-type":"","overlay-color":"","overlay-opacity":"","overlay-gradient":""},"mobile":{"background-color":"var(--ast-global-color-5)","background-image":"","background-repeat":"repeat","background-position":"center center","background-size":"auto","background-attachment":"scroll","background-type":"","background-media":"","overlay-type":"","overlay-color":"","overlay-opacity":"","overlay-gradient":""}},"footnotes":""},"class_list":["post-1923","page","type-page","status-publish","hentry"],"yoast_head":"<!-- This site is optimized with the Yoast SEO plugin v27.4 - https:\/\/yoast.com\/product\/yoast-seo-wordpress\/ -->\n<title>Accesibilidad - Alquiler de motos en Menorca moto rent - Top Scooter<\/title>\n<meta name=\"robots\" content=\"index, follow, max-snippet:-1, max-image-preview:large, max-video-preview:-1\" \/>\n<link rel=\"canonical\" href=\"https:\/\/www.menorcamotorent.com\/en\/accesibilidad\/\" \/>\n<meta property=\"og:locale\" content=\"en_GB\" \/>\n<meta property=\"og:type\" content=\"article\" \/>\n<meta property=\"og:title\" content=\"Accesibilidad - Alquiler de motos en Menorca moto rent - Top Scooter\" \/>\n<meta property=\"og:description\" content=\"La entidad Top Scooter SLU \u00a0se ha comprometido a hacer accesible su sitio web de conformidad con el\u00a0Real Decreto 1112\/2018, de 7 de septiembre, sobre accesibilidad de los sitios web y aplicaciones para dispositivos m\u00f3viles del sector p\u00fablico. La presente declaraci\u00f3n de accesibilidad se aplica al sitio web\u00a0menorcamotorent.com Situaci\u00f3n de cumplimiento Este sitio web es&nbsp;parcialmente [&hellip;]\" \/>\n<meta property=\"og:url\" content=\"https:\/\/www.menorcamotorent.com\/en\/accesibilidad\/\" \/>\n<meta property=\"og:site_name\" content=\"Alquiler de motos en Menorca moto rent - Top Scooter\" \/>\n<meta property=\"article:modified_time\" content=\"2025-08-22T09:46:20+00:00\" \/>\n<meta name=\"twitter:card\" content=\"summary_large_image\" \/>\n<meta name=\"twitter:label1\" content=\"Estimated reading time\" \/>\n\t<meta name=\"twitter:data1\" content=\"4 minutes\" \/>\n<script type=\"application\/ld+json\" class=\"yoast-schema-graph\">{\"@context\":\"https:\\\/\\\/schema.org\",\"@graph\":[{\"@type\":\"WebPage\",\"@id\":\"https:\\\/\\\/www.menorcamotorent.com\\\/accesibilidad\\\/\",\"url\":\"https:\\\/\\\/www.menorcamotorent.com\\\/accesibilidad\\\/\",\"name\":\"Accesibilidad - Alquiler de motos en Menorca moto rent - Top Scooter\",\"isPartOf\":{\"@id\":\"https:\\\/\\\/www.menorcamotorent.com\\\/#website\"},\"datePublished\":\"2025-08-22T09:45:37+00:00\",\"dateModified\":\"2025-08-22T09:46:20+00:00\",\"breadcrumb\":{\"@id\":\"https:\\\/\\\/www.menorcamotorent.com\\\/accesibilidad\\\/#breadcrumb\"},\"inLanguage\":\"en-GB\",\"potentialAction\":[{\"@type\":\"ReadAction\",\"target\":[\"https:\\\/\\\/www.menorcamotorent.com\\\/accesibilidad\\\/\"]}]},{\"@type\":\"BreadcrumbList\",\"@id\":\"https:\\\/\\\/www.menorcamotorent.com\\\/accesibilidad\\\/#breadcrumb\",\"itemListElement\":[{\"@type\":\"ListItem\",\"position\":1,\"name\":\"Portada\",\"item\":\"https:\\\/\\\/www.menorcamotorent.com\\\/\"},{\"@type\":\"ListItem\",\"position\":2,\"name\":\"Accesibilidad\"}]},{\"@type\":\"WebSite\",\"@id\":\"https:\\\/\\\/www.menorcamotorent.com\\\/#website\",\"url\":\"https:\\\/\\\/www.menorcamotorent.com\\\/\",\"name\":\"Alquiler de motos en Menorca moto rent - Top Scooter\",\"description\":\"Alquil una moto en Menorca con nosotores Motos nuevas, nuevas experiencias. El peque\u00f1o tama\u00f1o de Menorca hace que el alquiler de scooters sea la forma m\u00e1s c\u00f3moda y divertida de descubrirla.\",\"publisher\":{\"@id\":\"https:\\\/\\\/www.menorcamotorent.com\\\/#organization\"},\"potentialAction\":[{\"@type\":\"SearchAction\",\"target\":{\"@type\":\"EntryPoint\",\"urlTemplate\":\"https:\\\/\\\/www.menorcamotorent.com\\\/?s={search_term_string}\"},\"query-input\":{\"@type\":\"PropertyValueSpecification\",\"valueRequired\":true,\"valueName\":\"search_term_string\"}}],\"inLanguage\":\"en-GB\"},{\"@type\":\"Organization\",\"@id\":\"https:\\\/\\\/www.menorcamotorent.com\\\/#organization\",\"name\":\"Alquiler de motos en Menorca moto rent - Top Scooter\",\"url\":\"https:\\\/\\\/www.menorcamotorent.com\\\/\",\"logo\":{\"@type\":\"ImageObject\",\"inLanguage\":\"en-GB\",\"@id\":\"https:\\\/\\\/www.menorcamotorent.com\\\/#\\\/schema\\\/logo\\\/image\\\/\",\"url\":\"https:\\\/\\\/www.menorcamotorent.com\\\/wp-content\\\/uploads\\\/2026\\\/03\\\/cropped-logoweb_png_topscooter.png\",\"contentUrl\":\"https:\\\/\\\/www.menorcamotorent.com\\\/wp-content\\\/uploads\\\/2026\\\/03\\\/cropped-logoweb_png_topscooter.png\",\"width\":567,\"height\":189,\"caption\":\"Alquiler de motos en Menorca moto rent - Top Scooter\"},\"image\":{\"@id\":\"https:\\\/\\\/www.menorcamotorent.com\\\/#\\\/schema\\\/logo\\\/image\\\/\"},\"sameAs\":[\"https:\\\/\\\/www.instagram.com\\\/top_scooter_menorca\\\/\"]}]}<\/script>\n<!-- \/ Yoast SEO plugin. -->","yoast_head_json":{"title":"Accesibilidad - Alquiler de motos en Menorca moto rent - Top Scooter","robots":{"index":"index","follow":"follow","max-snippet":"max-snippet:-1","max-image-preview":"max-image-preview:large","max-video-preview":"max-video-preview:-1"},"canonical":"https:\/\/www.menorcamotorent.com\/en\/accesibilidad\/","og_locale":"en_GB","og_type":"article","og_title":"Accesibilidad - Alquiler de motos en Menorca moto rent - Top Scooter","og_description":"La entidad Top Scooter SLU \u00a0se ha comprometido a hacer accesible su sitio web de conformidad con el\u00a0Real Decreto 1112\/2018, de 7 de septiembre, sobre accesibilidad de los sitios web y aplicaciones para dispositivos m\u00f3viles del sector p\u00fablico. La presente declaraci\u00f3n de accesibilidad se aplica al sitio web\u00a0menorcamotorent.com Situaci\u00f3n de cumplimiento Este sitio web es&nbsp;parcialmente [&hellip;]","og_url":"https:\/\/www.menorcamotorent.com\/en\/accesibilidad\/","og_site_name":"Alquiler de motos en Menorca moto rent - Top Scooter","article_modified_time":"2025-08-22T09:46:20+00:00","twitter_card":"summary_large_image","twitter_misc":{"Estimated reading time":"4 minutes"},"schema":{"@context":"https:\/\/schema.org","@graph":[{"@type":"WebPage","@id":"https:\/\/www.menorcamotorent.com\/accesibilidad\/","url":"https:\/\/www.menorcamotorent.com\/accesibilidad\/","name":"Accesibilidad - Alquiler de motos en Menorca moto rent - Top Scooter","isPartOf":{"@id":"https:\/\/www.menorcamotorent.com\/#website"},"datePublished":"2025-08-22T09:45:37+00:00","dateModified":"2025-08-22T09:46:20+00:00","breadcrumb":{"@id":"https:\/\/www.menorcamotorent.com\/accesibilidad\/#breadcrumb"},"inLanguage":"en-GB","potentialAction":[{"@type":"ReadAction","target":["https:\/\/www.menorcamotorent.com\/accesibilidad\/"]}]},{"@type":"BreadcrumbList","@id":"https:\/\/www.menorcamotorent.com\/accesibilidad\/#breadcrumb","itemListElement":[{"@type":"ListItem","position":1,"name":"Portada","item":"https:\/\/www.menorcamotorent.com\/"},{"@type":"ListItem","position":2,"name":"Accesibilidad"}]},{"@type":"WebSite","@id":"https:\/\/www.menorcamotorent.com\/#website","url":"https:\/\/www.menorcamotorent.com\/","name":"Motorcycle rental in Menorca moto rent - Top Scooter","description":"Alquil una moto en Menorca con nosotores Motos nuevas, nuevas experiencias. El peque\u00f1o tama\u00f1o de Menorca hace que el alquiler de scooters sea la forma m\u00e1s c\u00f3moda y divertida de descubrirla.","publisher":{"@id":"https:\/\/www.menorcamotorent.com\/#organization"},"potentialAction":[{"@type":"SearchAction","target":{"@type":"EntryPoint","urlTemplate":"https:\/\/www.menorcamotorent.com\/?s={search_term_string}"},"query-input":{"@type":"PropertyValueSpecification","valueRequired":true,"valueName":"search_term_string"}}],"inLanguage":"en-GB"},{"@type":"Organization","@id":"https:\/\/www.menorcamotorent.com\/#organization","name":"Motorcycle rental in Menorca moto rent - Top Scooter","url":"https:\/\/www.menorcamotorent.com\/","logo":{"@type":"ImageObject","inLanguage":"en-GB","@id":"https:\/\/www.menorcamotorent.com\/#\/schema\/logo\/image\/","url":"https:\/\/www.menorcamotorent.com\/wp-content\/uploads\/2026\/03\/cropped-logoweb_png_topscooter.png","contentUrl":"https:\/\/www.menorcamotorent.com\/wp-content\/uploads\/2026\/03\/cropped-logoweb_png_topscooter.png","width":567,"height":189,"caption":"Alquiler de motos en Menorca moto rent - Top Scooter"},"image":{"@id":"https:\/\/www.menorcamotorent.com\/#\/schema\/logo\/image\/"},"sameAs":["https:\/\/www.instagram.com\/top_scooter_menorca\/"]}]}},"_links":{"self":[{"href":"https:\/\/www.menorcamotorent.com\/en\/wp-json\/wp\/v2\/pages\/1923","targetHints":{"allow":["GET"]}}],"collection":[{"href":"https:\/\/www.menorcamotorent.com\/en\/wp-json\/wp\/v2\/pages"}],"about":[{"href":"https:\/\/www.menorcamotorent.com\/en\/wp-json\/wp\/v2\/types\/page"}],"author":[{"embeddable":true,"href":"https:\/\/www.menorcamotorent.com\/en\/wp-json\/wp\/v2\/users\/2"}],"replies":[{"embeddable":true,"href":"https:\/\/www.menorcamotorent.com\/en\/wp-json\/wp\/v2\/comments?post=1923"}],"version-history":[{"count":2,"href":"https:\/\/www.menorcamotorent.com\/en\/wp-json\/wp\/v2\/pages\/1923\/revisions"}],"predecessor-version":[{"id":1925,"href":"https:\/\/www.menorcamotorent.com\/en\/wp-json\/wp\/v2\/pages\/1923\/revisions\/1925"}],"wp:attachment":[{"href":"https:\/\/www.menorcamotorent.com\/en\/wp-json\/wp\/v2\/media?parent=1923"}],"curies":[{"name":"wp","href":"https:\/\/api.w.org\/{rel}","templated":true}]}}