{"id":1658,"date":"2025-03-06T17:57:52","date_gmt":"2025-03-06T17:57:52","guid":{"rendered":"https:\/\/demorentmenorca.fwh.is\/search-result\/"},"modified":"2026-03-28T13:12:07","modified_gmt":"2026-03-28T13:12:07","slug":"search-result","status":"publish","type":"page","link":"https:\/\/www.menorcamotorent.com\/en\/search-result\/","title":{"rendered":"Resultados de la b\u00fasqueda"},"content":{"rendered":"<!-- Reservation detail -->\n<div id=\"reservation_detail\" class=\"sticky-top\"><\/div>\n\n<!-- Filter -->\n\n<div class=\"mybooking-process-page\">\n  <section class=\"mybooking mybooking-process_choose mybooking-page-container\">\n    <div class=\"mb-row-flex\">\n      <div class=\"mb-col-sm-12\">\n        <button id=\"go_to_complete\" class=\"mb-button btn-confirm-selection\" style=\"display: none;\">\n          Next          <i class=\"mb-button icon\"><span class=\"dashicons dashicons-arrow-right-alt\"><\/span><\/i>\n        <\/button>\n        <!-- Product listing -->\n        <div class=\"mybooking-product_listing\" id=\"product_listing\" \n           >\n        <\/div>\n        <div id=\"mybooking-product_loader\"><\/div>\n        <br\/>\n      <\/div>\n    <\/div>\n  <\/section>\n<\/div>\n\n<!-- DETAILS MODAL ------------------------------------------------------------>\n\n<div class=\"mybooking mybooking-detail_modal mybooking-modal modal-mybooking\" tabindex=\"-1\" role=\"dialog\" id=\"modalProductDetail_MBM\">\n  <div class=\"mybooking-modal_body modal-product-detail-content\"><\/div>\n<\/div>\n\n<!-- VARIANTS MODAL ------------------------------------------------------------>\n\n<div class=\"mybooking mybooking-detail_modal mybooking-modal modal-mybooking\" tabindex=\"-1\" role=\"dialog\" id=\"modalVariantSelector_MBM\">\n  <h3 id=\"variant-product-title\" class=\"mybooking-modal_title modal-product-detail-title\"><\/h3>\n  <div id=\"variant-product-content\" class=\"mybooking-modal_body modal-product-detail-content\"><\/div>\n<\/div>","protected":false},"excerpt":{"rendered":"","protected":false},"author":1,"featured_media":0,"parent":0,"menu_order":2,"comment_status":"closed","ping_status":"closed","template":"","meta":{"site-sidebar-layout":"default","site-content-layout":"","ast-site-content-layout":"default","site-content-style":"default","site-sidebar-style":"default","ast-global-header-display":"","ast-banner-title-visibility":"","ast-main-header-display":"","ast-hfb-above-header-display":"","ast-hfb-below-header-display":"","ast-hfb-mobile-header-display":"","site-post-title":"","ast-breadcrumbs-content":"","ast-featured-img":"","footer-sml-layout":"","ast-disable-related-posts":"","theme-transparent-header-meta":"","adv-header-id-meta":"","stick-header-meta":"","header-above-stick-meta":"","header-main-stick-meta":"","header-below-stick-meta":"","astra-migrate-meta-layouts":"set","ast-page-background-enabled":"default","ast-page-background-meta":{"desktop":{"background-color":"","background-image":"","background-repeat":"repeat","background-position":"center center","background-size":"auto","background-attachment":"scroll","background-type":"","background-media":"","overlay-type":"","overlay-color":"","overlay-opacity":"","overlay-gradient":""},"tablet":{"background-color":"","background-image":"","background-repeat":"repeat","background-position":"center center","background-size":"auto","background-attachment":"scroll","background-type":"","background-media":"","overlay-type":"","overlay-color":"","overlay-opacity":"","overlay-gradient":""},"mobile":{"background-color":"","background-image":"","background-repeat":"repeat","background-position":"center center","background-size":"auto","background-attachment":"scroll","background-type":"","background-media":"","overlay-type":"","overlay-color":"","overlay-opacity":"","overlay-gradient":""}},"ast-content-background-meta":{"desktop":{"background-color":"var(--ast-global-color-5)","background-image":"","background-repeat":"repeat","background-position":"center center","background-size":"auto","background-attachment":"scroll","background-type":"","background-media":"","overlay-type":"","overlay-color":"","overlay-opacity":"","overlay-gradient":""},"tablet":{"background-color":"var(--ast-global-color-5)","background-image":"","background-repeat":"repeat","background-position":"center center","background-size":"auto","background-attachment":"scroll","background-type":"","background-media":"","overlay-type":"","overlay-color":"","overlay-opacity":"","overlay-gradient":""},"mobile":{"background-color":"var(--ast-global-color-5)","background-image":"","background-repeat":"repeat","background-position":"center center","background-size":"auto","background-attachment":"scroll","background-type":"","background-media":"","overlay-type":"","overlay-color":"","overlay-opacity":"","overlay-gradient":""}},"footnotes":""},"class_list":["post-1658","page","type-page","status-publish","hentry"],"yoast_head":"<!-- This site is optimized with the Yoast SEO plugin v27.5 - https:\/\/yoast.com\/product\/yoast-seo-wordpress\/ -->\n<title>Resultados de la b\u00fasqueda - Alquiler de motos en Menorca moto rent - Top Scooter<\/title>\n<meta name=\"robots\" content=\"index, follow, max-snippet:-1, max-image-preview:large, max-video-preview:-1\" \/>\n<link rel=\"canonical\" href=\"https:\/\/www.menorcamotorent.com\/en\/search-result\/\" \/>\n<meta property=\"og:locale\" content=\"en_GB\" \/>\n<meta property=\"og:type\" content=\"article\" \/>\n<meta property=\"og:title\" content=\"Resultados de la b\u00fasqueda - Alquiler de motos en Menorca moto rent - Top Scooter\" \/>\n<meta property=\"og:url\" content=\"https:\/\/www.menorcamotorent.com\/en\/search-result\/\" \/>\n<meta property=\"og:site_name\" content=\"Alquiler de motos en Menorca moto rent - Top Scooter\" \/>\n<meta property=\"article:modified_time\" content=\"2026-03-28T13:12:07+00:00\" \/>\n<meta name=\"twitter:card\" content=\"summary_large_image\" \/>\n<meta name=\"twitter:label1\" content=\"Estimated reading time\" \/>\n\t<meta name=\"twitter:data1\" content=\"1 minute\" \/>\n<script type=\"application\/ld+json\" class=\"yoast-schema-graph\">{\"@context\":\"https:\\\/\\\/schema.org\",\"@graph\":[{\"@type\":\"WebPage\",\"@id\":\"https:\\\/\\\/www.menorcamotorent.com\\\/search-result\\\/\",\"url\":\"https:\\\/\\\/www.menorcamotorent.com\\\/search-result\\\/\",\"name\":\"Resultados de la b\u00fasqueda - Alquiler de motos en Menorca moto rent - Top Scooter\",\"isPartOf\":{\"@id\":\"https:\\\/\\\/www.menorcamotorent.com\\\/#website\"},\"datePublished\":\"2025-03-06T17:57:52+00:00\",\"dateModified\":\"2026-03-28T13:12:07+00:00\",\"breadcrumb\":{\"@id\":\"https:\\\/\\\/www.menorcamotorent.com\\\/search-result\\\/#breadcrumb\"},\"inLanguage\":\"en-GB\",\"potentialAction\":[{\"@type\":\"ReadAction\",\"target\":[\"https:\\\/\\\/www.menorcamotorent.com\\\/search-result\\\/\"]}]},{\"@type\":\"BreadcrumbList\",\"@id\":\"https:\\\/\\\/www.menorcamotorent.com\\\/search-result\\\/#breadcrumb\",\"itemListElement\":[{\"@type\":\"ListItem\",\"position\":1,\"name\":\"Portada\",\"item\":\"https:\\\/\\\/www.menorcamotorent.com\\\/\"},{\"@type\":\"ListItem\",\"position\":2,\"name\":\"Resultados de la b\u00fasqueda\"}]},{\"@type\":\"WebSite\",\"@id\":\"https:\\\/\\\/www.menorcamotorent.com\\\/#website\",\"url\":\"https:\\\/\\\/www.menorcamotorent.com\\\/\",\"name\":\"Alquiler de motos en Menorca moto rent - Top Scooter\",\"description\":\"Alquil una moto en Menorca con nosotores Motos nuevas, nuevas experiencias. El peque\u00f1o tama\u00f1o de Menorca hace que el alquiler de scooters sea la forma m\u00e1s c\u00f3moda y divertida de descubrirla.\",\"publisher\":{\"@id\":\"https:\\\/\\\/www.menorcamotorent.com\\\/#organization\"},\"potentialAction\":[{\"@type\":\"SearchAction\",\"target\":{\"@type\":\"EntryPoint\",\"urlTemplate\":\"https:\\\/\\\/www.menorcamotorent.com\\\/?s={search_term_string}\"},\"query-input\":{\"@type\":\"PropertyValueSpecification\",\"valueRequired\":true,\"valueName\":\"search_term_string\"}}],\"inLanguage\":\"en-GB\"},{\"@type\":\"Organization\",\"@id\":\"https:\\\/\\\/www.menorcamotorent.com\\\/#organization\",\"name\":\"Alquiler de motos en Menorca moto rent - Top Scooter\",\"url\":\"https:\\\/\\\/www.menorcamotorent.com\\\/\",\"logo\":{\"@type\":\"ImageObject\",\"inLanguage\":\"en-GB\",\"@id\":\"https:\\\/\\\/www.menorcamotorent.com\\\/#\\\/schema\\\/logo\\\/image\\\/\",\"url\":\"https:\\\/\\\/www.menorcamotorent.com\\\/wp-content\\\/uploads\\\/2026\\\/03\\\/cropped-logoweb_png_topscooter.png\",\"contentUrl\":\"https:\\\/\\\/www.menorcamotorent.com\\\/wp-content\\\/uploads\\\/2026\\\/03\\\/cropped-logoweb_png_topscooter.png\",\"width\":567,\"height\":189,\"caption\":\"Alquiler de motos en Menorca moto rent - Top Scooter\"},\"image\":{\"@id\":\"https:\\\/\\\/www.menorcamotorent.com\\\/#\\\/schema\\\/logo\\\/image\\\/\"},\"sameAs\":[\"https:\\\/\\\/www.instagram.com\\\/top_scooter_menorca\\\/\"]}]}<\/script>\n<!-- \/ Yoast SEO plugin. -->","yoast_head_json":{"title":"Resultados de la b\u00fasqueda - Alquiler de motos en Menorca moto rent - Top Scooter","robots":{"index":"index","follow":"follow","max-snippet":"max-snippet:-1","max-image-preview":"max-image-preview:large","max-video-preview":"max-video-preview:-1"},"canonical":"https:\/\/www.menorcamotorent.com\/en\/search-result\/","og_locale":"en_GB","og_type":"article","og_title":"Resultados de la b\u00fasqueda - Alquiler de motos en Menorca moto rent - Top Scooter","og_url":"https:\/\/www.menorcamotorent.com\/en\/search-result\/","og_site_name":"Alquiler de motos en Menorca moto rent - Top Scooter","article_modified_time":"2026-03-28T13:12:07+00:00","twitter_card":"summary_large_image","twitter_misc":{"Estimated reading time":"1 minute"},"schema":{"@context":"https:\/\/schema.org","@graph":[{"@type":"WebPage","@id":"https:\/\/www.menorcamotorent.com\/search-result\/","url":"https:\/\/www.menorcamotorent.com\/search-result\/","name":"Resultados de la b\u00fasqueda - Alquiler de motos en Menorca moto rent - Top Scooter","isPartOf":{"@id":"https:\/\/www.menorcamotorent.com\/#website"},"datePublished":"2025-03-06T17:57:52+00:00","dateModified":"2026-03-28T13:12:07+00:00","breadcrumb":{"@id":"https:\/\/www.menorcamotorent.com\/search-result\/#breadcrumb"},"inLanguage":"en-GB","potentialAction":[{"@type":"ReadAction","target":["https:\/\/www.menorcamotorent.com\/search-result\/"]}]},{"@type":"BreadcrumbList","@id":"https:\/\/www.menorcamotorent.com\/search-result\/#breadcrumb","itemListElement":[{"@type":"ListItem","position":1,"name":"Portada","item":"https:\/\/www.menorcamotorent.com\/"},{"@type":"ListItem","position":2,"name":"Resultados de la b\u00fasqueda"}]},{"@type":"WebSite","@id":"https:\/\/www.menorcamotorent.com\/#website","url":"https:\/\/www.menorcamotorent.com\/","name":"Motorcycle rental in Menorca moto rent - Top Scooter","description":"Alquil una moto en Menorca con nosotores Motos nuevas, nuevas experiencias. El peque\u00f1o tama\u00f1o de Menorca hace que el alquiler de scooters sea la forma m\u00e1s c\u00f3moda y divertida de descubrirla.","publisher":{"@id":"https:\/\/www.menorcamotorent.com\/#organization"},"potentialAction":[{"@type":"SearchAction","target":{"@type":"EntryPoint","urlTemplate":"https:\/\/www.menorcamotorent.com\/?s={search_term_string}"},"query-input":{"@type":"PropertyValueSpecification","valueRequired":true,"valueName":"search_term_string"}}],"inLanguage":"en-GB"},{"@type":"Organization","@id":"https:\/\/www.menorcamotorent.com\/#organization","name":"Motorcycle rental in Menorca moto rent - Top Scooter","url":"https:\/\/www.menorcamotorent.com\/","logo":{"@type":"ImageObject","inLanguage":"en-GB","@id":"https:\/\/www.menorcamotorent.com\/#\/schema\/logo\/image\/","url":"https:\/\/www.menorcamotorent.com\/wp-content\/uploads\/2026\/03\/cropped-logoweb_png_topscooter.png","contentUrl":"https:\/\/www.menorcamotorent.com\/wp-content\/uploads\/2026\/03\/cropped-logoweb_png_topscooter.png","width":567,"height":189,"caption":"Alquiler de motos en Menorca moto rent - Top Scooter"},"image":{"@id":"https:\/\/www.menorcamotorent.com\/#\/schema\/logo\/image\/"},"sameAs":["https:\/\/www.instagram.com\/top_scooter_menorca\/"]}]}},"_links":{"self":[{"href":"https:\/\/www.menorcamotorent.com\/en\/wp-json\/wp\/v2\/pages\/1658","targetHints":{"allow":["GET"]}}],"collection":[{"href":"https:\/\/www.menorcamotorent.com\/en\/wp-json\/wp\/v2\/pages"}],"about":[{"href":"https:\/\/www.menorcamotorent.com\/en\/wp-json\/wp\/v2\/types\/page"}],"author":[{"embeddable":true,"href":"https:\/\/www.menorcamotorent.com\/en\/wp-json\/wp\/v2\/users\/1"}],"replies":[{"embeddable":true,"href":"https:\/\/www.menorcamotorent.com\/en\/wp-json\/wp\/v2\/comments?post=1658"}],"version-history":[{"count":1,"href":"https:\/\/www.menorcamotorent.com\/en\/wp-json\/wp\/v2\/pages\/1658\/revisions"}],"predecessor-version":[{"id":2125,"href":"https:\/\/www.menorcamotorent.com\/en\/wp-json\/wp\/v2\/pages\/1658\/revisions\/2125"}],"wp:attachment":[{"href":"https:\/\/www.menorcamotorent.com\/en\/wp-json\/wp\/v2\/media?parent=1658"}],"curies":[{"name":"wp","href":"https:\/\/api.w.org\/{rel}","templated":true}]}}