{"id":15,"date":"2025-01-31T14:52:15","date_gmt":"2025-01-31T14:52:15","guid":{"rendered":"http:\/\/27dias.local\/?page_id=15"},"modified":"2026-03-29T17:44:37","modified_gmt":"2026-03-29T17:44:37","slug":"contact","status":"publish","type":"page","link":"https:\/\/www.menorcamotorent.com\/en\/contact\/","title":{"rendered":"Contact"},"content":{"rendered":"<div data-elementor-type=\"wp-page\" data-elementor-id=\"15\" class=\"elementor elementor-15\">\n\t\t\t\t\t\t<section class=\"elementor-section elementor-top-section elementor-element elementor-element-29ajjat elementor-section-boxed elementor-section-height-default elementor-section-height-default\" data-id=\"29ajjat\" data-element_type=\"section\" data-e-type=\"section\" data-settings=\"{&quot;background_background&quot;:&quot;classic&quot;}\">\n\t\t\t\t\t\t\t<div class=\"elementor-background-overlay\"><\/div>\n\t\t\t\t\t\t\t<div class=\"elementor-container elementor-column-gap-no\">\n\t\t\t\t\t<div class=\"elementor-column elementor-col-50 elementor-top-column elementor-element elementor-element-eefe1b0\" data-id=\"eefe1b0\" data-element_type=\"column\" data-e-type=\"column\" data-settings=\"{&quot;background_background&quot;:&quot;classic&quot;}\">\n\t\t\t<div class=\"elementor-widget-wrap elementor-element-populated\">\n\t\t\t\t\t\t<section class=\"elementor-section elementor-inner-section elementor-element elementor-element-9466a38 elementor-section-content-middle elementor-section-boxed elementor-section-height-default elementor-section-height-default\" data-id=\"9466a38\" data-element_type=\"section\" data-e-type=\"section\">\n\t\t\t\t\t\t<div class=\"elementor-container elementor-column-gap-no\">\n\t\t\t\t\t<div class=\"elementor-column elementor-col-100 elementor-inner-column elementor-element elementor-element-806d05a\" data-id=\"806d05a\" data-element_type=\"column\" data-e-type=\"column\">\n\t\t\t<div class=\"elementor-widget-wrap elementor-element-populated\">\n\t\t\t\t\t\t<div class=\"elementor-element elementor-element-8baa47e elementor-widget elementor-widget-heading\" data-id=\"8baa47e\" data-element_type=\"widget\" data-e-type=\"widget\" data-widget_type=\"heading.default\">\n\t\t\t\t<div class=\"elementor-widget-container\">\n\t\t\t\t\t<h1 class=\"elementor-heading-title elementor-size-default\">Localizaci\u00f3n y Contacto<\/h1>\t\t\t\t<\/div>\n\t\t\t\t<\/div>\n\t\t\t\t<div class=\"elementor-element elementor-element-bcebeb6 elementor-widget elementor-widget-heading\" data-id=\"bcebeb6\" data-element_type=\"widget\" data-e-type=\"widget\" data-widget_type=\"heading.default\">\n\t\t\t\t<div class=\"elementor-widget-container\">\n\t\t\t\t\t<p class=\"elementor-heading-title elementor-size-medium\">Address <\/p>\t\t\t\t<\/div>\n\t\t\t\t<\/div>\n\t\t\t\t<div class=\"elementor-element elementor-element-5f9c88d elementor-widget elementor-widget-text-editor\" data-id=\"5f9c88d\" data-element_type=\"widget\" data-e-type=\"widget\" data-widget_type=\"text-editor.default\">\n\t\t\t\t<div class=\"elementor-widget-container\">\n\t\t\t\t\t\t\t\t\t<a href=\"https:\/\/maps.google.com\/?q=Carrer+de+Ma\u00f3+136+Ciutadella+de+Menorca\" target=\"_blank\" rel=\"noopener\">Carrer de Ma\u00f3, 136 Carrer de Ma\u00f3 , 136Ciutadella de Menorca<\/a>\t\t\t\t\t\t\t\t<\/div>\n\t\t\t\t<\/div>\n\t\t\t\t<div class=\"elementor-element elementor-element-88df54d elementor-widget elementor-widget-heading\" data-id=\"88df54d\" data-element_type=\"widget\" data-e-type=\"widget\" data-widget_type=\"heading.default\">\n\t\t\t\t<div class=\"elementor-widget-container\">\n\t\t\t\t\t<p class=\"elementor-heading-title elementor-size-medium\">E-mail<\/p>\t\t\t\t<\/div>\n\t\t\t\t<\/div>\n\t\t\t\t<div class=\"elementor-element elementor-element-752e454 elementor-widget elementor-widget-text-editor\" data-id=\"752e454\" data-element_type=\"widget\" data-e-type=\"widget\" data-widget_type=\"text-editor.default\">\n\t\t\t\t<div class=\"elementor-widget-container\">\n\t\t\t\t\t\t\t\t\t<a href=\"mailto:toplscotter@gmail.com\">toplscotter@gmail.com<\/a>\t\t\t\t\t\t\t\t<\/div>\n\t\t\t\t<\/div>\n\t\t\t\t<div class=\"elementor-element elementor-element-deef4e4 elementor-widget elementor-widget-heading\" data-id=\"deef4e4\" data-element_type=\"widget\" data-e-type=\"widget\" data-widget_type=\"heading.default\">\n\t\t\t\t<div class=\"elementor-widget-container\">\n\t\t\t\t\t<p class=\"elementor-heading-title elementor-size-medium\">Tel\u00e9fono<\/p>\t\t\t\t<\/div>\n\t\t\t\t<\/div>\n\t\t\t\t<div class=\"elementor-element elementor-element-63f3d19 elementor-widget elementor-widget-text-editor\" data-id=\"63f3d19\" data-element_type=\"widget\" data-e-type=\"widget\" data-widget_type=\"text-editor.default\">\n\t\t\t\t<div class=\"elementor-widget-container\">\n\t\t\t\t\t\t\t\t\t<a href=\"tel:+34 633 483 883\">633 483 883<\/a> <br>\n\n\n<a href=\"tel:++34 971 383 888 883\">971 383 888 <\/a>\t\t\t\t\t\t\t\t<\/div>\n\t\t\t\t<\/div>\n\t\t\t\t<div class=\"elementor-element elementor-element-2637853 elementor-widget elementor-widget-heading\" data-id=\"2637853\" data-element_type=\"widget\" data-e-type=\"widget\" data-widget_type=\"heading.default\">\n\t\t\t\t<div class=\"elementor-widget-container\">\n\t\t\t\t\t<p class=\"elementor-heading-title elementor-size-medium\">Follow us <\/p>\t\t\t\t<\/div>\n\t\t\t\t<\/div>\n\t\t\t\t<div class=\"elementor-element elementor-element-194b5eb e-grid-align-left elementor-shape-rounded elementor-grid-0 elementor-widget elementor-widget-social-icons\" data-id=\"194b5eb\" data-element_type=\"widget\" data-e-type=\"widget\" data-widget_type=\"social-icons.default\">\n\t\t\t\t<div class=\"elementor-widget-container\">\n\t\t\t\t\t\t\t<div class=\"elementor-social-icons-wrapper elementor-grid\" role=\"list\">\n\t\t\t\t\t\t\t<span class=\"elementor-grid-item\" role=\"listitem\">\n\t\t\t\t\t<a class=\"elementor-icon elementor-social-icon elementor-social-icon-facebook elementor-repeater-item-2f55736\" href=\"https:\/\/www.facebook.com\/menorcamotorent\/\">\n\t\t\t\t\t\t<span class=\"elementor-screen-only\">Facebook<\/span>\n\t\t\t\t\t\t<svg aria-hidden=\"true\" class=\"e-font-icon-svg e-fab-facebook\" viewbox=\"0 0 512 512\" xmlns=\"http:\/\/www.w3.org\/2000\/svg\"><path d=\"M504 256C504 119 393 8 256 8S8 119 8 256c0 123.78 90.69 226.38 209.25 245V327.69h-63V256h63v-54.64c0-62.15 37-96.48 93.67-96.48 27.14 0 55.52 4.84 55.52 4.84v61h-31.28c-30.8 0-40.41 19.12-40.41 38.73V256h68.78l-11 71.69h-57.78V501C413.31 482.38 504 379.78 504 256z\"><\/path><\/svg>\t\t\t\t\t<\/a>\n\t\t\t\t<\/span>\n\t\t\t\t\t\t\t<span class=\"elementor-grid-item\" role=\"listitem\">\n\t\t\t\t\t<a class=\"elementor-icon elementor-social-icon elementor-social-icon-instagram elementor-repeater-item-dc0d8ae\" href=\"https:\/\/www.instagram.com\/top_scooter_menorca\/\" target=\"_blank\">\n\t\t\t\t\t\t<span class=\"elementor-screen-only\">Instagram<\/span>\n\t\t\t\t\t\t<svg aria-hidden=\"true\" class=\"e-font-icon-svg e-fab-instagram\" viewbox=\"0 0 448 512\" xmlns=\"http:\/\/www.w3.org\/2000\/svg\"><path d=\"M224.1 141c-63.6 0-114.9 51.3-114.9 114.9s51.3 114.9 114.9 114.9S339 319.5 339 255.9 287.7 141 224.1 141zm0 189.6c-41.1 0-74.7-33.5-74.7-74.7s33.5-74.7 74.7-74.7 74.7 33.5 74.7 74.7-33.6 74.7-74.7 74.7zm146.4-194.3c0 14.9-12 26.8-26.8 26.8-14.9 0-26.8-12-26.8-26.8s12-26.8 26.8-26.8 26.8 12 26.8 26.8zm76.1 27.2c-1.7-35.9-9.9-67.7-36.2-93.9-26.2-26.2-58-34.4-93.9-36.2-37-2.1-147.9-2.1-184.9 0-35.8 1.7-67.6 9.9-93.9 36.1s-34.4 58-36.2 93.9c-2.1 37-2.1 147.9 0 184.9 1.7 35.9 9.9 67.7 36.2 93.9s58 34.4 93.9 36.2c37 2.1 147.9 2.1 184.9 0 35.9-1.7 67.7-9.9 93.9-36.2 26.2-26.2 34.4-58 36.2-93.9 2.1-37 2.1-147.8 0-184.8zM398.8 388c-7.8 19.6-22.9 34.7-42.6 42.6-29.5 11.7-99.5 9-132.1 9s-102.7 2.6-132.1-9c-19.6-7.8-34.7-22.9-42.6-42.6-11.7-29.5-9-99.5-9-132.1s-2.6-102.7 9-132.1c7.8-19.6 22.9-34.7 42.6-42.6 29.5-11.7 99.5-9 132.1-9s102.7-2.6 132.1 9c19.6 7.8 34.7 22.9 42.6 42.6 11.7 29.5 9 99.5 9 132.1s2.7 102.7-9 132.1z\"><\/path><\/svg>\t\t\t\t\t<\/a>\n\t\t\t\t<\/span>\n\t\t\t\t\t<\/div>\n\t\t\t\t\t\t<\/div>\n\t\t\t\t<\/div>\n\t\t\t\t\t<\/div>\n\t\t<\/div>\n\t\t\t\t\t<\/div>\n\t\t<\/section>\n\t\t\t\t\t<\/div>\n\t\t<\/div>\n\t\t\t\t<div class=\"elementor-column elementor-col-50 elementor-top-column elementor-element elementor-element-fa778c1\" data-id=\"fa778c1\" data-element_type=\"column\" data-e-type=\"column\" data-settings=\"{&quot;background_background&quot;:&quot;classic&quot;}\">\n\t\t\t<div class=\"elementor-widget-wrap elementor-element-populated\">\n\t\t\t\t\t\t<div class=\"elementor-element elementor-element-ffe3b50 elementor-widget elementor-widget-google_maps\" data-id=\"ffe3b50\" data-element_type=\"widget\" data-e-type=\"widget\" data-widget_type=\"google_maps.default\">\n\t\t\t\t<div class=\"elementor-widget-container\">\n\t\t\t\t\t\t\t<div class=\"elementor-custom-embed\">\n\t\t\t<iframe loading=\"lazy\"\n\t\t\t\t\tsrc=\"https:\/\/maps.google.com\/maps?q=Carrer%20de%20Ma%C3%B3%2C%20136%2C%2007760%20Ciutadella%2C%20Illes%20Balears%2C%20Espa%C3%B1a&#038;t=m&#038;z=16&#038;output=embed&#038;iwloc=near\"\n\t\t\t\t\ttitle=\"Carrer de Ma\u00f3, 136, 07760 Ciutadella, Illes Balears, Espa\u00f1a\"\n\t\t\t\t\taria-label=\"Carrer de Ma\u00f3, 136, 07760 Ciutadella, Illes Balears, Espa\u00f1a\"\n\t\t\t><\/iframe>\n\t\t<\/div>\n\t\t\t\t\t\t<\/div>\n\t\t\t\t<\/div>\n\t\t\t\t\t<\/div>\n\t\t<\/div>\n\t\t\t\t\t<\/div>\n\t\t<\/section>\n\t\t\t\t<\/div>","protected":false},"excerpt":{"rendered":"<p>Localizaci\u00f3n y Contacto Direcci\u00f3n Carrer de Ma\u00f3, 136 Carrer de Ma\u00f3 , 136Ciutadella de Menorca Correo toplscotter@gmail.com Tel\u00e9fono 633 483 883 971 383 888 S\u00edguenos Facebook Instagram<\/p>","protected":false},"author":1,"featured_media":0,"parent":0,"menu_order":0,"comment_status":"closed","ping_status":"closed","template":"","meta":{"site-sidebar-layout":"no-sidebar","site-content-layout":"page-builder","ast-site-content-layout":"full-width-container","site-content-style":"unboxed","site-sidebar-style":"unboxed","ast-global-header-display":"","ast-banner-title-visibility":"","ast-main-header-display":"","ast-hfb-above-header-display":"","ast-hfb-below-header-display":"","ast-hfb-mobile-header-display":"","site-post-title":"","ast-breadcrumbs-content":"disabled","ast-featured-img":"disabled","footer-sml-layout":"","ast-disable-related-posts":"","theme-transparent-header-meta":"enabled","adv-header-id-meta":"","stick-header-meta":"","header-above-stick-meta":"","header-main-stick-meta":"","header-below-stick-meta":"","astra-migrate-meta-layouts":"set","ast-page-background-enabled":"default","ast-page-background-meta":{"desktop":{"background-color":"","background-image":"","background-repeat":"repeat","background-position":"center center","background-size":"auto","background-attachment":"scroll","background-type":"","background-media":"","overlay-type":"","overlay-color":"","overlay-opacity":"","overlay-gradient":""},"tablet":{"background-color":"","background-image":"","background-repeat":"repeat","background-position":"center center","background-size":"auto","background-attachment":"scroll","background-type":"","background-media":"","overlay-type":"","overlay-color":"","overlay-opacity":"","overlay-gradient":""},"mobile":{"background-color":"","background-image":"","background-repeat":"repeat","background-position":"center center","background-size":"auto","background-attachment":"scroll","background-type":"","background-media":"","overlay-type":"","overlay-color":"","overlay-opacity":"","overlay-gradient":""}},"ast-content-background-meta":{"desktop":{"background-color":"var(--ast-global-color-5)","background-image":"","background-repeat":"repeat","background-position":"center center","background-size":"auto","background-attachment":"scroll","background-type":"","background-media":"","overlay-type":"","overlay-color":"","overlay-opacity":"","overlay-gradient":""},"tablet":{"background-color":"var(--ast-global-color-5)","background-image":"","background-repeat":"repeat","background-position":"center center","background-size":"auto","background-attachment":"scroll","background-type":"","background-media":"","overlay-type":"","overlay-color":"","overlay-opacity":"","overlay-gradient":""},"mobile":{"background-color":"var(--ast-global-color-5)","background-image":"","background-repeat":"repeat","background-position":"center center","background-size":"auto","background-attachment":"scroll","background-type":"","background-media":"","overlay-type":"","overlay-color":"","overlay-opacity":"","overlay-gradient":""}},"footnotes":""},"class_list":["post-15","page","type-page","status-publish","hentry"],"yoast_head":"<!-- This site is optimized with the Yoast SEO plugin v27.4 - https:\/\/yoast.com\/product\/yoast-seo-wordpress\/ -->\n<title>Contacto - Alquiler de motos en Menorca moto rent - Top Scooter<\/title>\n<meta name=\"robots\" content=\"index, follow, max-snippet:-1, max-image-preview:large, max-video-preview:-1\" \/>\n<link rel=\"canonical\" href=\"https:\/\/www.menorcamotorent.com\/en\/contact\/\" \/>\n<meta property=\"og:locale\" content=\"en_GB\" \/>\n<meta property=\"og:type\" content=\"article\" \/>\n<meta property=\"og:title\" content=\"Contacto - Alquiler de motos en Menorca moto rent - Top Scooter\" \/>\n<meta property=\"og:description\" content=\"Localizaci\u00f3n y Contacto Direcci\u00f3n Carrer de Ma\u00f3, 136 Carrer de Ma\u00f3 , 136Ciutadella de Menorca Correo toplscotter@gmail.com Tel\u00e9fono 633 483 883 971 383 888 S\u00edguenos Facebook Instagram\" \/>\n<meta property=\"og:url\" content=\"https:\/\/www.menorcamotorent.com\/en\/contact\/\" \/>\n<meta property=\"og:site_name\" content=\"Alquiler de motos en Menorca moto rent - Top Scooter\" \/>\n<meta property=\"article:modified_time\" content=\"2026-03-29T17:44:37+00:00\" \/>\n<meta name=\"twitter:card\" content=\"summary_large_image\" \/>\n<meta name=\"twitter:label1\" content=\"Estimated reading time\" \/>\n\t<meta name=\"twitter:data1\" content=\"1 minute\" \/>\n<script type=\"application\/ld+json\" class=\"yoast-schema-graph\">{\"@context\":\"https:\\\/\\\/schema.org\",\"@graph\":[{\"@type\":\"WebPage\",\"@id\":\"https:\\\/\\\/www.menorcamotorent.com\\\/contact\\\/\",\"url\":\"https:\\\/\\\/www.menorcamotorent.com\\\/contact\\\/\",\"name\":\"Contacto - Alquiler de motos en Menorca moto rent - Top Scooter\",\"isPartOf\":{\"@id\":\"https:\\\/\\\/www.menorcamotorent.com\\\/#website\"},\"datePublished\":\"2025-01-31T14:52:15+00:00\",\"dateModified\":\"2026-03-29T17:44:37+00:00\",\"breadcrumb\":{\"@id\":\"https:\\\/\\\/www.menorcamotorent.com\\\/contact\\\/#breadcrumb\"},\"inLanguage\":\"en-GB\",\"potentialAction\":[{\"@type\":\"ReadAction\",\"target\":[\"https:\\\/\\\/www.menorcamotorent.com\\\/contact\\\/\"]}]},{\"@type\":\"BreadcrumbList\",\"@id\":\"https:\\\/\\\/www.menorcamotorent.com\\\/contact\\\/#breadcrumb\",\"itemListElement\":[{\"@type\":\"ListItem\",\"position\":1,\"name\":\"Portada\",\"item\":\"https:\\\/\\\/www.menorcamotorent.com\\\/\"},{\"@type\":\"ListItem\",\"position\":2,\"name\":\"Contacto\"}]},{\"@type\":\"WebSite\",\"@id\":\"https:\\\/\\\/www.menorcamotorent.com\\\/#website\",\"url\":\"https:\\\/\\\/www.menorcamotorent.com\\\/\",\"name\":\"Alquiler de motos en Menorca moto rent - Top Scooter\",\"description\":\"Alquil una moto en Menorca con nosotores Motos nuevas, nuevas experiencias. El peque\u00f1o tama\u00f1o de Menorca hace que el alquiler de scooters sea la forma m\u00e1s c\u00f3moda y divertida de descubrirla.\",\"publisher\":{\"@id\":\"https:\\\/\\\/www.menorcamotorent.com\\\/#organization\"},\"potentialAction\":[{\"@type\":\"SearchAction\",\"target\":{\"@type\":\"EntryPoint\",\"urlTemplate\":\"https:\\\/\\\/www.menorcamotorent.com\\\/?s={search_term_string}\"},\"query-input\":{\"@type\":\"PropertyValueSpecification\",\"valueRequired\":true,\"valueName\":\"search_term_string\"}}],\"inLanguage\":\"en-GB\"},{\"@type\":\"Organization\",\"@id\":\"https:\\\/\\\/www.menorcamotorent.com\\\/#organization\",\"name\":\"Alquiler de motos en Menorca moto rent - Top Scooter\",\"url\":\"https:\\\/\\\/www.menorcamotorent.com\\\/\",\"logo\":{\"@type\":\"ImageObject\",\"inLanguage\":\"en-GB\",\"@id\":\"https:\\\/\\\/www.menorcamotorent.com\\\/#\\\/schema\\\/logo\\\/image\\\/\",\"url\":\"https:\\\/\\\/www.menorcamotorent.com\\\/wp-content\\\/uploads\\\/2026\\\/03\\\/cropped-logoweb_png_topscooter.png\",\"contentUrl\":\"https:\\\/\\\/www.menorcamotorent.com\\\/wp-content\\\/uploads\\\/2026\\\/03\\\/cropped-logoweb_png_topscooter.png\",\"width\":567,\"height\":189,\"caption\":\"Alquiler de motos en Menorca moto rent - Top Scooter\"},\"image\":{\"@id\":\"https:\\\/\\\/www.menorcamotorent.com\\\/#\\\/schema\\\/logo\\\/image\\\/\"},\"sameAs\":[\"https:\\\/\\\/www.instagram.com\\\/top_scooter_menorca\\\/\"]}]}<\/script>\n<!-- \/ Yoast SEO plugin. -->","yoast_head_json":{"title":"Contacto - Alquiler de motos en Menorca moto rent - Top Scooter","robots":{"index":"index","follow":"follow","max-snippet":"max-snippet:-1","max-image-preview":"max-image-preview:large","max-video-preview":"max-video-preview:-1"},"canonical":"https:\/\/www.menorcamotorent.com\/en\/contact\/","og_locale":"en_GB","og_type":"article","og_title":"Contacto - Alquiler de motos en Menorca moto rent - Top Scooter","og_description":"Localizaci\u00f3n y Contacto Direcci\u00f3n Carrer de Ma\u00f3, 136 Carrer de Ma\u00f3 , 136Ciutadella de Menorca Correo toplscotter@gmail.com Tel\u00e9fono 633 483 883 971 383 888 S\u00edguenos Facebook Instagram","og_url":"https:\/\/www.menorcamotorent.com\/en\/contact\/","og_site_name":"Alquiler de motos en Menorca moto rent - Top Scooter","article_modified_time":"2026-03-29T17:44:37+00:00","twitter_card":"summary_large_image","twitter_misc":{"Estimated reading time":"1 minute"},"schema":{"@context":"https:\/\/schema.org","@graph":[{"@type":"WebPage","@id":"https:\/\/www.menorcamotorent.com\/contact\/","url":"https:\/\/www.menorcamotorent.com\/contact\/","name":"Contacto - Alquiler de motos en Menorca moto rent - Top Scooter","isPartOf":{"@id":"https:\/\/www.menorcamotorent.com\/#website"},"datePublished":"2025-01-31T14:52:15+00:00","dateModified":"2026-03-29T17:44:37+00:00","breadcrumb":{"@id":"https:\/\/www.menorcamotorent.com\/contact\/#breadcrumb"},"inLanguage":"en-GB","potentialAction":[{"@type":"ReadAction","target":["https:\/\/www.menorcamotorent.com\/contact\/"]}]},{"@type":"BreadcrumbList","@id":"https:\/\/www.menorcamotorent.com\/contact\/#breadcrumb","itemListElement":[{"@type":"ListItem","position":1,"name":"Portada","item":"https:\/\/www.menorcamotorent.com\/"},{"@type":"ListItem","position":2,"name":"Contacto"}]},{"@type":"WebSite","@id":"https:\/\/www.menorcamotorent.com\/#website","url":"https:\/\/www.menorcamotorent.com\/","name":"Motorcycle rental in Menorca moto rent - Top Scooter","description":"Alquil una moto en Menorca con nosotores Motos nuevas, nuevas experiencias. El peque\u00f1o tama\u00f1o de Menorca hace que el alquiler de scooters sea la forma m\u00e1s c\u00f3moda y divertida de descubrirla.","publisher":{"@id":"https:\/\/www.menorcamotorent.com\/#organization"},"potentialAction":[{"@type":"SearchAction","target":{"@type":"EntryPoint","urlTemplate":"https:\/\/www.menorcamotorent.com\/?s={search_term_string}"},"query-input":{"@type":"PropertyValueSpecification","valueRequired":true,"valueName":"search_term_string"}}],"inLanguage":"en-GB"},{"@type":"Organization","@id":"https:\/\/www.menorcamotorent.com\/#organization","name":"Motorcycle rental in Menorca moto rent - Top Scooter","url":"https:\/\/www.menorcamotorent.com\/","logo":{"@type":"ImageObject","inLanguage":"en-GB","@id":"https:\/\/www.menorcamotorent.com\/#\/schema\/logo\/image\/","url":"https:\/\/www.menorcamotorent.com\/wp-content\/uploads\/2026\/03\/cropped-logoweb_png_topscooter.png","contentUrl":"https:\/\/www.menorcamotorent.com\/wp-content\/uploads\/2026\/03\/cropped-logoweb_png_topscooter.png","width":567,"height":189,"caption":"Alquiler de motos en Menorca moto rent - Top Scooter"},"image":{"@id":"https:\/\/www.menorcamotorent.com\/#\/schema\/logo\/image\/"},"sameAs":["https:\/\/www.instagram.com\/top_scooter_menorca\/"]}]}},"_links":{"self":[{"href":"https:\/\/www.menorcamotorent.com\/en\/wp-json\/wp\/v2\/pages\/15","targetHints":{"allow":["GET"]}}],"collection":[{"href":"https:\/\/www.menorcamotorent.com\/en\/wp-json\/wp\/v2\/pages"}],"about":[{"href":"https:\/\/www.menorcamotorent.com\/en\/wp-json\/wp\/v2\/types\/page"}],"author":[{"embeddable":true,"href":"https:\/\/www.menorcamotorent.com\/en\/wp-json\/wp\/v2\/users\/1"}],"replies":[{"embeddable":true,"href":"https:\/\/www.menorcamotorent.com\/en\/wp-json\/wp\/v2\/comments?post=15"}],"version-history":[{"count":76,"href":"https:\/\/www.menorcamotorent.com\/en\/wp-json\/wp\/v2\/pages\/15\/revisions"}],"predecessor-version":[{"id":2163,"href":"https:\/\/www.menorcamotorent.com\/en\/wp-json\/wp\/v2\/pages\/15\/revisions\/2163"}],"wp:attachment":[{"href":"https:\/\/www.menorcamotorent.com\/en\/wp-json\/wp\/v2\/media?parent=15"}],"curies":[{"name":"wp","href":"https:\/\/api.w.org\/{rel}","templated":true}]}}